{"id":2,"date":"2023-02-17T12:19:12","date_gmt":"2023-02-17T12:19:12","guid":{"rendered":"https:\/\/helloavenger.hu\/?page_id=2"},"modified":"2023-06-29T06:52:11","modified_gmt":"2023-06-29T06:52:11","slug":"fooldal","status":"publish","type":"page","link":"https:\/\/helloavenger.hu\/en\/","title":{"rendered":"F\u0151oldal"},"content":{"rendered":"\t\t<div data-elementor-type=\"wp-page\" data-elementor-id=\"2\" class=\"elementor elementor-2\" data-elementor-post-type=\"page\">\n\t\t\t\t<div class=\"elementor-element elementor-element-7262e59 e-con-full e-flex e-con e-parent\" data-id=\"7262e59\" data-element_type=\"container\" data-e-type=\"container\" data-settings=\"{&quot;background_background&quot;:&quot;video&quot;,&quot;background_video_link&quot;:&quot;https:\\\/\\\/youtu.be\\\/K-kPtzvVv5U&quot;,&quot;background_play_on_mobile&quot;:&quot;yes&quot;,&quot;jet_parallax_layout_list&quot;:[]}\">\n\t\t<div class=\"elementor-background-video-container\">\n\t\t\t\t\t\t\t<div class=\"elementor-background-video-embed\" role=\"presentation\"><\/div>\n\t\t\t\t\t\t<\/div><div class=\"elementor-element elementor-element-ec2df80 e-con-full e-flex e-con e-child\" data-id=\"ec2df80\" data-element_type=\"container\" data-e-type=\"container\" data-settings=\"{&quot;background_background&quot;:&quot;classic&quot;,&quot;jet_parallax_layout_list&quot;:[]}\">\n\t\t\t\t<div class=\"elementor-element elementor-element-832ab23 elementor-widget elementor-widget-heading\" data-id=\"832ab23\" data-element_type=\"widget\" data-e-type=\"widget\" data-widget_type=\"heading.default\">\n\t\t\t\t<div class=\"elementor-widget-container\">\n\t\t\t\t\t<h1 class=\"elementor-heading-title elementor-size-default\">KIL\u00d6V\u00c9SRE K\u00c9SZ!<\/h1>\t\t\t\t<\/div>\n\t\t\t\t<\/div>\n\t\t\t\t<div class=\"elementor-element elementor-element-3c371ca elementor-widget elementor-widget-image\" data-id=\"3c371ca\" data-element_type=\"widget\" data-e-type=\"widget\" data-widget_type=\"image.default\">\n\t\t\t\t<div class=\"elementor-widget-container\">\n\t\t\t\t\t\t\t\t\t\t\t\t\t\t\t<img decoding=\"async\" width=\"174\" height=\"69\" src=\"https:\/\/helloavenger.hu\/wp-content\/uploads\/2023\/02\/logo-jeep1.png\" class=\"attachment-full size-full wp-image-101\" alt=\"logo jeep\" \/>\t\t\t\t\t\t\t\t\t\t\t\t\t\t\t<\/div>\n\t\t\t\t<\/div>\n\t\t\t\t<div class=\"elementor-element elementor-element-90b7545 elementor-widget elementor-widget-theme-site-logo elementor-widget-image\" data-id=\"90b7545\" data-element_type=\"widget\" data-e-type=\"widget\" data-widget_type=\"theme-site-logo.default\">\n\t\t\t\t<div class=\"elementor-widget-container\">\n\t\t\t\t\t\t\t\t\t\t\t<a href=\"https:\/\/helloavenger.hu\/en\">\n\t\t\t<img decoding=\"async\" src=\"https:\/\/helloavenger.hu\/wp-content\/uploads\/2023\/02\/avenger_white.svg\" class=\"attachment-full size-full wp-image-19\" alt=\"Avenger\" \/>\t\t\t\t<\/a>\n\t\t\t\t\t\t\t\t\t\t\t<\/div>\n\t\t\t\t<\/div>\n\t\t\t\t<div class=\"elementor-element elementor-element-3c5d572 elementor-widget elementor-widget-text-editor\" data-id=\"3c5d572\" data-element_type=\"widget\" data-e-type=\"widget\" data-widget_type=\"text-editor.default\">\n\t\t\t\t<div class=\"elementor-widget-container\">\n\t\t\t\t\t\t\t\t\t\n<p>Regisztr\u00e1ljon \u00e9s pr\u00f3b\u00e1lja ki az els\u0151 100%-ban elektromos Jeep-et, az \u00c9v Aut\u00f3ja D\u00edj 2023 nyertes\u00e9t, a kompromisszumok n\u00e9lk\u00fcli term\u00e9szetk\u00f6zels\u00e9g k\u00e9pvisel\u0151j\u00e9t, a Jeep Avengert!<\/p>\n\t\t\t\t\t\t\t\t<\/div>\n\t\t\t\t<\/div>\n\t\t<div class=\"elementor-element elementor-element-b98a522 e-con-full e-flex e-con e-child\" data-id=\"b98a522\" data-element_type=\"container\" data-e-type=\"container\" data-settings=\"{&quot;jet_parallax_layout_list&quot;:[]}\">\n\t\t\t\t<div class=\"elementor-element elementor-element-de04b0b elementor-widget__width-initial elementor-button-align-center elementor-widget elementor-widget-form\" data-id=\"de04b0b\" data-element_type=\"widget\" data-e-type=\"widget\" data-settings=\"{&quot;step_next_label&quot;:&quot;K\\u00f6vetkez\\u0151&quot;,&quot;step_previous_label&quot;:&quot;El\\u0151z\\u0151&quot;,&quot;button_width&quot;:&quot;100&quot;,&quot;step_type&quot;:&quot;number_text&quot;,&quot;step_icon_shape&quot;:&quot;circle&quot;}\" data-widget_type=\"form.default\">\n\t\t\t\t<div class=\"elementor-widget-container\">\n\t\t\t\t\t\t\t<form class=\"elementor-form\" method=\"post\" name=\"tesztvezet\u00e9s\" aria-label=\"tesztvezet\u00e9s\">\n\t\t\t<input type=\"hidden\" name=\"post_id\" value=\"2\"\/>\n\t\t\t<input type=\"hidden\" name=\"form_id\" value=\"de04b0b\"\/>\n\t\t\t<input type=\"hidden\" name=\"referer_title\" value=\"Hello Avenger!\" \/>\n\n\t\t\t\n\t\t\t<div class=\"elementor-form-fields-wrapper elementor-labels-\">\n\t\t\t\t\t\t\t\t<div class=\"elementor-field-type-text elementor-field-group elementor-column elementor-field-group-name elementor-col-50 elementor-field-required\">\n\t\t\t\t\t\t\t\t\t\t\t\t<label for=\"form-field-name\" class=\"elementor-field-label elementor-screen-only\">\n\t\t\t\t\t\t\t\tN\u00e9v\t\t\t\t\t\t\t<\/label>\n\t\t\t\t\t\t\t\t\t\t\t\t\t\t<input size=\"1\" type=\"text\" name=\"form_fields[name]\" id=\"form-field-name\" class=\"elementor-field elementor-size-sm  elementor-field-textual\" placeholder=\"N\u00e9v\" required=\"required\">\n\t\t\t\t\t\t\t\t\t\t\t<\/div>\n\t\t\t\t\t\t\t\t<div class=\"elementor-field-type-email elementor-field-group elementor-column elementor-field-group-field_2b0c97b elementor-col-50 elementor-field-required\">\n\t\t\t\t\t\t\t\t\t\t\t\t<label for=\"form-field-field_2b0c97b\" class=\"elementor-field-label elementor-screen-only\">\n\t\t\t\t\t\t\t\tEmail\t\t\t\t\t\t\t<\/label>\n\t\t\t\t\t\t\t\t\t\t\t\t\t\t<input size=\"1\" type=\"email\" name=\"form_fields[field_2b0c97b]\" id=\"form-field-field_2b0c97b\" class=\"elementor-field elementor-size-sm  elementor-field-textual\" placeholder=\"Email\" required=\"required\">\n\t\t\t\t\t\t\t\t\t\t\t<\/div>\n\t\t\t\t\t\t\t\t<div class=\"elementor-field-type-tel elementor-field-group elementor-column elementor-field-group-field_8591bcf elementor-col-50\">\n\t\t\t\t\t\t\t\t\t\t\t\t<label for=\"form-field-field_8591bcf\" class=\"elementor-field-label elementor-screen-only\">\n\t\t\t\t\t\t\t\tTelefonsz\u00e1m\t\t\t\t\t\t\t<\/label>\n\t\t\t\t\t\t\t\t<input size=\"1\" type=\"tel\" name=\"form_fields[field_8591bcf]\" id=\"form-field-field_8591bcf\" class=\"elementor-field elementor-size-sm  elementor-field-textual\" placeholder=\"Telefonsz\u00e1m\" pattern=\"[0-9()#&amp;+*-=.]+\" title=\"Only numbers and phone characters (#, -, *, etc) are accepted.\">\n\n\t\t\t\t\t\t<\/div>\n\t\t\t\t\t\t\t\t<div class=\"elementor-field-type-text elementor-field-group elementor-column elementor-field-group-field_b1b6047 elementor-col-50\">\n\t\t\t\t\t\t\t\t\t\t\t\t<label for=\"form-field-field_b1b6047\" class=\"elementor-field-label elementor-screen-only\">\n\t\t\t\t\t\t\t\tC\u00edm\t\t\t\t\t\t\t<\/label>\n\t\t\t\t\t\t\t\t\t\t\t\t\t\t<input size=\"1\" type=\"text\" name=\"form_fields[field_b1b6047]\" id=\"form-field-field_b1b6047\" class=\"elementor-field elementor-size-sm  elementor-field-textual\" placeholder=\"C\u00edm\">\n\t\t\t\t\t\t\t\t\t\t\t<\/div>\n\t\t\t\t\t\t\t\t<div class=\"elementor-field-type-acceptance elementor-field-group elementor-column elementor-field-group-field_1d0e5af elementor-col-100 elementor-field-required\">\n\t\t\t\t\t\t\t<div class=\"elementor-field-subgroup\">\n\t\t\t<span class=\"elementor-field-option\">\n\t\t\t\t<input type=\"checkbox\" name=\"form_fields[field_1d0e5af]\" id=\"form-field-field_1d0e5af\" class=\"elementor-field elementor-size-sm  elementor-acceptance-field\" required=\"required\">\n\t\t\t\t<label for=\"form-field-field_1d0e5af\">Elfogadom az <a href=\"https:\/\/www.jeep.hu\/privacy\" target=\"_blank\" style=\"color:#ffffff\"><u>adatkezel\u00e9si szab\u00e1lyzatot<\/u><\/a><\/label>\t\t\t<\/span>\n\t\t<\/div>\n\t\t\t\t\t\t<\/div>\n\t\t\t\t\t\t\t\t<div class=\"elementor-field-type-recaptcha_v3 elementor-field-group elementor-column elementor-field-group-field_2e6d64e elementor-col-100 recaptcha_v3-bottomright\">\n\t\t\t\t\t<div class=\"elementor-field\" id=\"form-field-field_2e6d64e\"><div class=\"elementor-g-recaptcha\" data-sitekey=\"6LfJyI0kAAAAAK61kPiC2g55tVHEG7UwL6TtWrDM\" data-type=\"v3\" data-action=\"Form\" data-badge=\"bottomright\" data-size=\"invisible\"><\/div><\/div>\t\t\t\t<\/div>\n\t\t\t\t\t\t\t\t<div class=\"elementor-field-group elementor-column elementor-field-type-submit elementor-col-100 e-form__buttons\">\n\t\t\t\t\t<button class=\"elementor-button elementor-size-sm\" type=\"submit\">\n\t\t\t\t\t\t<span class=\"elementor-button-content-wrapper\">\n\t\t\t\t\t\t\t\t\t\t\t\t\t\t\t\t\t\t\t\t\t\t<span class=\"elementor-button-text\">K\u00fcld\u00e9s<\/span>\n\t\t\t\t\t\t\t\t\t\t\t\t\t<\/span>\n\t\t\t\t\t<\/button>\n\t\t\t\t<\/div>\n\t\t\t<\/div>\n\t\t<\/form>\n\t\t\t\t\t\t<\/div>\n\t\t\t\t<\/div>\n\t\t\t\t<div class=\"elementor-element elementor-element-407bec4 elementor-widget elementor-widget-image\" data-id=\"407bec4\" data-element_type=\"widget\" data-e-type=\"widget\" data-widget_type=\"image.default\">\n\t\t\t\t<div class=\"elementor-widget-container\">\n\t\t\t\t\t\t\t\t\t\t\t\t\t\t\t<img fetchpriority=\"high\" decoding=\"async\" width=\"510\" height=\"257\" src=\"https:\/\/helloavenger.hu\/wp-content\/uploads\/2023\/06\/avenger.png\" class=\"attachment-full size-full wp-image-250\" alt=\"avenger\" srcset=\"https:\/\/helloavenger.hu\/wp-content\/uploads\/2023\/06\/avenger.png 510w, https:\/\/helloavenger.hu\/wp-content\/uploads\/2023\/06\/avenger-300x151.png 300w\" sizes=\"(max-width: 510px) 100vw, 510px\" \/>\t\t\t\t\t\t\t\t\t\t\t\t\t\t\t<\/div>\n\t\t\t\t<\/div>\n\t\t\t\t<\/div>\n\t\t\t\t<div class=\"elementor-element elementor-element-678051f dsc elementor-widget elementor-widget-text-editor\" data-id=\"678051f\" data-element_type=\"widget\" data-e-type=\"widget\" data-widget_type=\"text-editor.default\">\n\t\t\t\t<div class=\"elementor-widget-container\">\n\t\t\t\t\t\t\t\t\t<p><strong>Disclaimer:<\/strong><br \/><em>Jeep\u00ae Avenger elektromos energia fogyaszt\u00e1s kWh\/100km): 15,9 \u2013 15,3; CO2-kibocs\u00e1t\u00e1s (g\/km): 0. A t\u00edpusneged\u00e9lyhez sz\u00fcks\u00e9ges adatokat WLTP kombin\u00e1lt ciklus\u00fa m\u00e9r\u00e9sekkel gy\u0171jt\u00f6tt\u00fck. Legut\u00f3bb friss\u00edtve: 2022. december 6. Az \u00e9rt\u00e9kek csak t\u00e1j\u00e9koztat\u00f3 jelleg\u0171ek \u00e9s az \u00f6sszehasonl\u00edthat\u00f3s\u00e1got szolg\u00e1lj\u00e1k.<\/em><br \/><br \/><em><strong>Fontos:<\/strong> az aktu\u00e1lis energiafogyaszt\u00e1s \u00e9rt\u00e9ke nagy m\u00e9rt\u00e9kben elt\u00e9rhet \u00e9s a haszn\u00e1lat m\u00f3dja, valamint egy\u00e9b faktorok is befoly\u00e1solhatj\u00e1k. K\u00fcl\u00f6n\u00f6sk\u00e9pp: a felszerelts\u00e9g, az elektromos t\u00f6lt\u00e9s megtett kilom\u00e9terre vet\u00edtett gyakoris\u00e1ga, a leveg\u0151h\u0151m\u00e9rs\u00e9klet, a vezet\u00e9si st\u00edlus, a sebess\u00e9g, az \u00f6sszs\u00faly, a gumik t\u00edpusa \u00e9s \u00e1llapota, az \u00fat \u00e1llapota, id\u0151j\u00e1r\u00e1si k\u00f6r\u00fclm\u00e9nyek \u00e9s egyes funkci\u00f3k haszn\u00e1lata (pl. l\u00e9gkondicion\u00e1l\u00f3, f\u0171t\u00e9s, r\u00e1di\u00f3, navig\u00e1ci\u00f3, stb.)<\/em><br \/><br \/><em>Jeep\u00ae Avenger elektromos hat\u00f3t\u00e1v: 404 \u2013 389 km.<\/em><br \/><em>A t\u00edpusenged\u00e9lyhez sz\u00fcks\u00e9ges adatokat WLTP kombin\u00e1lt ciklus\u00fa m\u00e9r\u00e9sekkel gy\u0171jt\u00f6tt\u00fck. Legut\u00f3bb friss\u00edtve: 2022. december 6. Az \u00e9rt\u00e9kek csak t\u00e1j\u00e9koztat\u00f3 jelleg\u0171ek \u00e9s az \u00f6sszehasonl\u00edthat\u00f3s\u00e1got szolg\u00e1lj\u00e1k.<\/em><br \/><br \/><em><strong>Fontos:<\/strong> az aktu\u00e1lis hat\u00f3t\u00e1v \u00e9rt\u00e9ke nagy m\u00e9rt\u00e9kben elt\u00e9rhet \u00e9s a haszn\u00e1lat m\u00f3dja (vezet\u00e9si st\u00edlus, sebess\u00e9g, \u00f6sszs\u00faly, stb), valamint egyes funkci\u00f3k haszn\u00e1lata (l\u00e9gkondicion\u00e1l\u00f3, f\u0171t\u00e9s, stb.), a gumik \u00e1llapota, az \u00fat min\u0151s\u00e9ge \u00e9s az id\u0151j\u00e1r\u00e1si k\u00f6r\u00fclm\u00e9nyek is befoly\u00e1solhatj\u00e1k.<\/em><br \/><em>A Jeep\u00ae Avenger hat\u00f3t\u00e1vj\u00e1val \u00e9s az azt befoly\u00e1sol\u00f3 t\u00e9nyez\u0151kkel kapcsolatban tov\u00e1bbi r\u00e9szletes inform\u00e1ci\u00f3t a Jeep\u00ae hivatalos honlapj\u00e1n tal\u00e1lsz.<\/em><\/p>\t\t\t\t\t\t\t\t<\/div>\n\t\t\t\t<\/div>\n\t\t\t\t<\/div>\n\t\t\t\t<\/div>\n\t\t\t\t<\/div>\n\t\t","protected":false},"excerpt":{"rendered":"<p>KIL\u00d6V\u00c9SRE K\u00c9SZ! Regisztr\u00e1ljon \u00e9s pr\u00f3b\u00e1lja ki az els\u0151 100%-ban elektromos Jeep-et, az \u00c9v Aut\u00f3ja D\u00edj 2023 nyertes\u00e9t, a kompromisszumok n\u00e9lk\u00fcli term\u00e9szetk\u00f6zels\u00e9g k\u00e9pvisel\u0151j\u00e9t, a Jeep Avengert! Disclaimer:Jeep\u00ae Avenger elektromos energia fogyaszt\u00e1s kWh\/100km): 15,9 \u2013 15,3; CO2-kibocs\u00e1t\u00e1s (g\/km): 0. A t\u00edpusneged\u00e9lyhez sz\u00fcks\u00e9ges adatokat WLTP kombin\u00e1lt ciklus\u00fa m\u00e9r\u00e9sekkel gy\u0171jt\u00f6tt\u00fck. Legut\u00f3bb friss\u00edtve: 2022. december 6. Az \u00e9rt\u00e9kek csak t\u00e1j\u00e9koztat\u00f3 [&hellip;]<\/p>\n","protected":false},"author":1,"featured_media":0,"parent":0,"menu_order":0,"comment_status":"closed","ping_status":"closed","template":"","meta":{"footnotes":""},"class_list":["post-2","page","type-page","status-publish","hentry"],"yoast_head":"<!-- This site is optimized with the Yoast SEO Premium plugin v27.1 (Yoast SEO v27.1.1) - https:\/\/yoast.com\/product\/yoast-seo-premium-wordpress\/ -->\n<title>F\u0151oldal - Hello Avenger!<\/title>\n<meta name=\"robots\" content=\"index, follow, max-snippet:-1, max-image-preview:large, max-video-preview:-1\" \/>\n<link rel=\"canonical\" href=\"https:\/\/helloavenger.hu\/en\/\" \/>\n<meta property=\"og:locale\" content=\"en_GB\" \/>\n<meta property=\"og:type\" content=\"article\" \/>\n<meta property=\"og:title\" content=\"F\u0151oldal\" \/>\n<meta property=\"og:description\" content=\"KIL\u00d6V\u00c9SRE K\u00c9SZ! Regisztr\u00e1ljon \u00e9s pr\u00f3b\u00e1lja ki az els\u0151 100%-ban elektromos Jeep-et, az \u00c9v Aut\u00f3ja D\u00edj 2023 nyertes\u00e9t, a kompromisszumok n\u00e9lk\u00fcli term\u00e9szetk\u00f6zels\u00e9g k\u00e9pvisel\u0151j\u00e9t, a Jeep Avengert! Disclaimer:Jeep\u00ae Avenger elektromos energia fogyaszt\u00e1s kWh\/100km): 15,9 \u2013 15,3; CO2-kibocs\u00e1t\u00e1s (g\/km): 0. A t\u00edpusneged\u00e9lyhez sz\u00fcks\u00e9ges adatokat WLTP kombin\u00e1lt ciklus\u00fa m\u00e9r\u00e9sekkel gy\u0171jt\u00f6tt\u00fck. Legut\u00f3bb friss\u00edtve: 2022. december 6. Az \u00e9rt\u00e9kek csak t\u00e1j\u00e9koztat\u00f3 [&hellip;]\" \/>\n<meta property=\"og:url\" content=\"https:\/\/helloavenger.hu\/en\/\" \/>\n<meta property=\"og:site_name\" content=\"Hello Avenger!\" \/>\n<meta property=\"article:publisher\" content=\"https:\/\/www.facebook.com\/Jeepmagyarorszag\/?ref=br_rs\" \/>\n<meta property=\"article:modified_time\" content=\"2023-06-29T06:52:11+00:00\" \/>\n<meta property=\"og:image\" content=\"https:\/\/helloavenger.hu\/wp-content\/uploads\/2023\/02\/logo-jeep1.png\" \/>\n<meta name=\"twitter:card\" content=\"summary_large_image\" \/>\n<meta name=\"twitter:label1\" content=\"Estimated reading time\" \/>\n\t<meta name=\"twitter:data1\" content=\"2 minutes\" \/>\n<script type=\"application\/ld+json\" class=\"yoast-schema-graph\">{\"@context\":\"https:\/\/schema.org\",\"@graph\":[{\"@type\":\"WebPage\",\"@id\":\"https:\/\/helloavenger.hu\/\",\"url\":\"https:\/\/helloavenger.hu\/\",\"name\":\"F\u0151oldal - Hello Avenger!\",\"isPartOf\":{\"@id\":\"https:\/\/helloavenger.hu\/#website\"},\"primaryImageOfPage\":{\"@id\":\"https:\/\/helloavenger.hu\/#primaryimage\"},\"image\":{\"@id\":\"https:\/\/helloavenger.hu\/#primaryimage\"},\"thumbnailUrl\":\"https:\/\/helloavenger.hu\/wp-content\/uploads\/2023\/02\/logo-jeep1.png\",\"datePublished\":\"2023-02-17T12:19:12+00:00\",\"dateModified\":\"2023-06-29T06:52:11+00:00\",\"breadcrumb\":{\"@id\":\"https:\/\/helloavenger.hu\/#breadcrumb\"},\"inLanguage\":\"en-GB\",\"potentialAction\":[{\"@type\":\"ReadAction\",\"target\":[\"https:\/\/helloavenger.hu\/\"]}]},{\"@type\":\"ImageObject\",\"inLanguage\":\"en-GB\",\"@id\":\"https:\/\/helloavenger.hu\/#primaryimage\",\"url\":\"https:\/\/helloavenger.hu\/wp-content\/uploads\/2023\/02\/logo-jeep1.png\",\"contentUrl\":\"https:\/\/helloavenger.hu\/wp-content\/uploads\/2023\/02\/logo-jeep1.png\"},{\"@type\":\"BreadcrumbList\",\"@id\":\"https:\/\/helloavenger.hu\/#breadcrumb\",\"itemListElement\":[{\"@type\":\"ListItem\",\"position\":1,\"name\":\"Home\",\"item\":\"https:\/\/helloavenger.hu\/\"},{\"@type\":\"ListItem\",\"position\":2,\"name\":\"F\u0151oldal\"}]},{\"@type\":\"WebSite\",\"@id\":\"https:\/\/helloavenger.hu\/#website\",\"url\":\"https:\/\/helloavenger.hu\/\",\"name\":\"Hello Avenger!\",\"description\":\"Hello Avenger!\",\"publisher\":{\"@id\":\"https:\/\/helloavenger.hu\/#organization\"},\"potentialAction\":[{\"@type\":\"SearchAction\",\"target\":{\"@type\":\"EntryPoint\",\"urlTemplate\":\"https:\/\/helloavenger.hu\/?s={search_term_string}\"},\"query-input\":{\"@type\":\"PropertyValueSpecification\",\"valueRequired\":true,\"valueName\":\"search_term_string\"}}],\"inLanguage\":\"en-GB\"},{\"@type\":\"Organization\",\"@id\":\"https:\/\/helloavenger.hu\/#organization\",\"name\":\"Jeep - F Automobil Import Kft.\",\"url\":\"https:\/\/helloavenger.hu\/\",\"logo\":{\"@type\":\"ImageObject\",\"inLanguage\":\"en-GB\",\"@id\":\"https:\/\/helloavenger.hu\/#\/schema\/logo\/image\/\",\"url\":\"https:\/\/helloavenger.hu\/wp-content\/uploads\/2024\/01\/JEEP_Rev.jpg\",\"contentUrl\":\"https:\/\/helloavenger.hu\/wp-content\/uploads\/2024\/01\/JEEP_Rev.jpg\",\"width\":1100,\"height\":500,\"caption\":\"Jeep - F Automobil Import Kft.\"},\"image\":{\"@id\":\"https:\/\/helloavenger.hu\/#\/schema\/logo\/image\/\"},\"sameAs\":[\"https:\/\/www.facebook.com\/Jeepmagyarorszag\/?ref=br_rs\",\"https:\/\/www.youtube.com\/user\/jeepmagyarorszag\",\"https:\/\/www.instagram.com\/jeep_magyarorszag\/\"]}]}<\/script>\n<!-- \/ Yoast SEO Premium plugin. -->","yoast_head_json":{"title":"F\u0151oldal - Hello Avenger!","robots":{"index":"index","follow":"follow","max-snippet":"max-snippet:-1","max-image-preview":"max-image-preview:large","max-video-preview":"max-video-preview:-1"},"canonical":"https:\/\/helloavenger.hu\/en\/","og_locale":"en_GB","og_type":"article","og_title":"F\u0151oldal","og_description":"KIL\u00d6V\u00c9SRE K\u00c9SZ! Regisztr\u00e1ljon \u00e9s pr\u00f3b\u00e1lja ki az els\u0151 100%-ban elektromos Jeep-et, az \u00c9v Aut\u00f3ja D\u00edj 2023 nyertes\u00e9t, a kompromisszumok n\u00e9lk\u00fcli term\u00e9szetk\u00f6zels\u00e9g k\u00e9pvisel\u0151j\u00e9t, a Jeep Avengert! Disclaimer:Jeep\u00ae Avenger elektromos energia fogyaszt\u00e1s kWh\/100km): 15,9 \u2013 15,3; CO2-kibocs\u00e1t\u00e1s (g\/km): 0. A t\u00edpusneged\u00e9lyhez sz\u00fcks\u00e9ges adatokat WLTP kombin\u00e1lt ciklus\u00fa m\u00e9r\u00e9sekkel gy\u0171jt\u00f6tt\u00fck. Legut\u00f3bb friss\u00edtve: 2022. december 6. Az \u00e9rt\u00e9kek csak t\u00e1j\u00e9koztat\u00f3 [&hellip;]","og_url":"https:\/\/helloavenger.hu\/en\/","og_site_name":"Hello Avenger!","article_publisher":"https:\/\/www.facebook.com\/Jeepmagyarorszag\/?ref=br_rs","article_modified_time":"2023-06-29T06:52:11+00:00","og_image":[{"url":"https:\/\/helloavenger.hu\/wp-content\/uploads\/2023\/02\/logo-jeep1.png","type":"","width":"","height":""}],"twitter_card":"summary_large_image","twitter_misc":{"Estimated reading time":"2 minutes"},"schema":{"@context":"https:\/\/schema.org","@graph":[{"@type":"WebPage","@id":"https:\/\/helloavenger.hu\/","url":"https:\/\/helloavenger.hu\/","name":"F\u0151oldal - Hello Avenger!","isPartOf":{"@id":"https:\/\/helloavenger.hu\/#website"},"primaryImageOfPage":{"@id":"https:\/\/helloavenger.hu\/#primaryimage"},"image":{"@id":"https:\/\/helloavenger.hu\/#primaryimage"},"thumbnailUrl":"https:\/\/helloavenger.hu\/wp-content\/uploads\/2023\/02\/logo-jeep1.png","datePublished":"2023-02-17T12:19:12+00:00","dateModified":"2023-06-29T06:52:11+00:00","breadcrumb":{"@id":"https:\/\/helloavenger.hu\/#breadcrumb"},"inLanguage":"en-GB","potentialAction":[{"@type":"ReadAction","target":["https:\/\/helloavenger.hu\/"]}]},{"@type":"ImageObject","inLanguage":"en-GB","@id":"https:\/\/helloavenger.hu\/#primaryimage","url":"https:\/\/helloavenger.hu\/wp-content\/uploads\/2023\/02\/logo-jeep1.png","contentUrl":"https:\/\/helloavenger.hu\/wp-content\/uploads\/2023\/02\/logo-jeep1.png"},{"@type":"BreadcrumbList","@id":"https:\/\/helloavenger.hu\/#breadcrumb","itemListElement":[{"@type":"ListItem","position":1,"name":"Home","item":"https:\/\/helloavenger.hu\/"},{"@type":"ListItem","position":2,"name":"F\u0151oldal"}]},{"@type":"WebSite","@id":"https:\/\/helloavenger.hu\/#website","url":"https:\/\/helloavenger.hu\/","name":"Hello Avenger!","description":"Hello Avenger!","publisher":{"@id":"https:\/\/helloavenger.hu\/#organization"},"potentialAction":[{"@type":"SearchAction","target":{"@type":"EntryPoint","urlTemplate":"https:\/\/helloavenger.hu\/?s={search_term_string}"},"query-input":{"@type":"PropertyValueSpecification","valueRequired":true,"valueName":"search_term_string"}}],"inLanguage":"en-GB"},{"@type":"Organization","@id":"https:\/\/helloavenger.hu\/#organization","name":"Jeep - F Automobil Import Kft.","url":"https:\/\/helloavenger.hu\/","logo":{"@type":"ImageObject","inLanguage":"en-GB","@id":"https:\/\/helloavenger.hu\/#\/schema\/logo\/image\/","url":"https:\/\/helloavenger.hu\/wp-content\/uploads\/2024\/01\/JEEP_Rev.jpg","contentUrl":"https:\/\/helloavenger.hu\/wp-content\/uploads\/2024\/01\/JEEP_Rev.jpg","width":1100,"height":500,"caption":"Jeep - F Automobil Import Kft."},"image":{"@id":"https:\/\/helloavenger.hu\/#\/schema\/logo\/image\/"},"sameAs":["https:\/\/www.facebook.com\/Jeepmagyarorszag\/?ref=br_rs","https:\/\/www.youtube.com\/user\/jeepmagyarorszag","https:\/\/www.instagram.com\/jeep_magyarorszag\/"]}]}},"_links":{"self":[{"href":"https:\/\/helloavenger.hu\/en\/wp-json\/wp\/v2\/pages\/2","targetHints":{"allow":["GET"]}}],"collection":[{"href":"https:\/\/helloavenger.hu\/en\/wp-json\/wp\/v2\/pages"}],"about":[{"href":"https:\/\/helloavenger.hu\/en\/wp-json\/wp\/v2\/types\/page"}],"author":[{"embeddable":true,"href":"https:\/\/helloavenger.hu\/en\/wp-json\/wp\/v2\/users\/1"}],"replies":[{"embeddable":true,"href":"https:\/\/helloavenger.hu\/en\/wp-json\/wp\/v2\/comments?post=2"}],"version-history":[{"count":130,"href":"https:\/\/helloavenger.hu\/en\/wp-json\/wp\/v2\/pages\/2\/revisions"}],"predecessor-version":[{"id":268,"href":"https:\/\/helloavenger.hu\/en\/wp-json\/wp\/v2\/pages\/2\/revisions\/268"}],"wp:attachment":[{"href":"https:\/\/helloavenger.hu\/en\/wp-json\/wp\/v2\/media?parent=2"}],"curies":[{"name":"wp","href":"https:\/\/api.w.org\/{rel}","templated":true}]}}